{"id":7331,"date":"2020-10-07T09:44:57","date_gmt":"2020-10-07T09:44:57","guid":{"rendered":"https:\/\/debagoiena2030.eus\/lege-oharra\/"},"modified":"2020-10-09T11:48:33","modified_gmt":"2020-10-09T11:48:33","slug":"aviso-legal","status":"publish","type":"page","link":"https:\/\/debagoiena2030.eus\/es\/aviso-legal\/","title":{"rendered":"Aviso Legal"},"content":{"rendered":"<div class=\"fusion-fullwidth fullwidth-box fusion-builder-row-1 fusion-flex-container nonhundred-percent-fullwidth non-hundred-percent-height-scrolling\" style=\"--awb-border-radius-top-left:0px;--awb-border-radius-top-right:0px;--awb-border-radius-bottom-right:0px;--awb-border-radius-bottom-left:0px;\" ><div class=\"fusion-builder-row fusion-row fusion-flex-align-items-flex-start\" style=\"max-width:1216.8px;margin-left: calc(-4% \/ 2 );margin-right: calc(-4% \/ 2 );\"><div class=\"fusion-layout-column fusion_builder_column fusion-builder-column-0 fusion_builder_column_1_1 1_1 fusion-flex-column\" style=\"--awb-padding-top:100px;--awb-padding-bottom:100px;--awb-bg-color:#ffffff;--awb-bg-size:cover;--awb-width-large:100%;--awb-margin-top-large:0px;--awb-spacing-right-large:1.92%;--awb-margin-bottom-large:0px;--awb-spacing-left-large:1.92%;--awb-width-medium:100%;--awb-spacing-right-medium:1.92%;--awb-spacing-left-medium:1.92%;--awb-width-small:100%;--awb-spacing-right-small:1.92%;--awb-spacing-left-small:1.92%;\"><div class=\"fusion-column-wrapper fusion-column-has-shadow fusion-flex-justify-content-center fusion-content-layout-column\"><div class=\"fusion-text fusion-text-1\"><h2>INFORMACI\u00d3N LEGAL<\/h2>\n<\/div><div class=\"fusion-separator\" style=\"align-self: flex-start;margin-right:auto;margin-bottom:40px;width:100%;max-width:200px;\"><div class=\"fusion-separator-border sep-single sep-solid\" style=\"--awb-height:20px;--awb-amount:20px;--awb-sep-color:#e87979;border-color:#e87979;border-top-width:3px;\"><\/div><\/div><div class=\"fusion-text fusion-text-2\"><p><span style=\"font-weight: 400;\">En cumplimiento de la normativa vigente le informamos que el dominio de internet <\/span><a href=\"https:\/\/debagoiena2030.eus\/es\"><span style=\"font-weight: 400;\">www.debagoiena2030.eus<\/span><\/a><span style=\"font-weight: 400;\"> es titularidad de Gizabidea Fundazioa (NIF: G20089009), con domicilio en Zarugalde, 30, en 20500 Arrasate (Gipuzkoa), tel\u00e9fono 943793132, correo electr\u00f3nico <\/span><a href=\"mailto:gizabidea@gizabidea.net\"><span style=\"font-weight: 400;\">gizabidea@gizabidea.net<\/span><\/a><span style=\"font-weight: 400;\">.<\/span><\/p>\n<p><span style=\"font-weight: 400;\">Gizabidea Fundazioa ser\u00e1 en adelante \u201c<\/span><b>GIZABIDEA<\/b><span style=\"font-weight: 400;\">\u201d o el \u201c<\/span><b>Responsable del Tratamiento<\/b><span style=\"font-weight: 400;\">\u201d. El sitio web ubicado en www.debagoiena2030.eus (en adelante \u201c<\/span><b>el sitio web<\/b><span style=\"font-weight: 400;\">\u201d) es propiedad de GIZABIDEA. La persona que visita y utiliza este sitio web es usuaria del sitio web (en adelante \u201c<\/span><b>la persona usuaria<\/b><span style=\"font-weight: 400;\">\u201d).<\/span><\/p>\n<p><span style=\"font-weight: 400;\">GIZABIDEA act\u00faa como \u201c<\/span><b>Responsable del Tratamiento<\/b><span style=\"font-weight: 400;\">\u201d en relaci\u00f3n con los tratamientos de datos personales (personas usuarias del sitio web, solicitantes de informaci\u00f3n, etc.) que se realizan a trav\u00e9s de este sitio web. No obstante, en aquellos casos en los que GIZABIDEA publique noticias y enlaces a sitios web o redes sociales externas, su funci\u00f3n es meramente informativa y los posibles tratamientos de datos personales que se puedan producir en relaci\u00f3n con los contenidos de noticias y enlaces y su utilizaci\u00f3n por parte de las personas usuarias no son titularidad de GIZABIDEA.<\/span><\/p>\n<h2>1. Finalidades<\/h2>\n<p><span style=\"font-weight: 400;\">Las finalidades principales del sitio web son dar a conocer el proyecto \u201cDebagoiena2030\u201d y las actividades relacionadas con el mismo, proporcionar una herramienta de contacto, consulta y comunicaci\u00f3n con las personas interesadas, e informar, organizar y difundir las actividades e iniciativas en las que GIZABIDEA participa.<\/span><\/p>\n<h2>2. Condiciones Generales<\/h2>\n<p><span style=\"font-weight: 400;\">La persona usuaria accede a este sitio web de forma voluntaria. El acceso a este sitio web tiene car\u00e1cter gratuito. La navegaci\u00f3n en este sitio web implica aceptar y conocer las advertencias legales, condiciones y t\u00e9rminos de uso, pol\u00edtica de privacidad y pol\u00edtica de cookies contenidos en \u00e9l. Si la persona usuaria no est\u00e1 de acuerdo con estas condiciones y no las acepta sin reserva, no podr\u00e1 hacer uso del sitio web.<\/span><\/p>\n<p><span style=\"font-weight: 400;\">El acceso al sitio web, as\u00ed como el uso que pueda hacerse de la informaci\u00f3n y utilidades que contiene, son de la exclusiva responsabilidad de la persona usuaria, que se compromete a utilizarlo con respeto a la buena fe, al ordenamiento jur\u00eddico, de manera \u00e9tica y de acuerdo con sus finalidades. La persona usuaria no puede hacer un uso il\u00edcito de la informaci\u00f3n y utilidades contenidas en el sitio web, ni llevar a cabo acciones que puedan da\u00f1ar o alterar su contenido, funcionamiento, los sistemas inform\u00e1ticos del sitio web, de GIZABIDEA o de otras personas usuarias.\u00a0<\/span><\/p>\n<p><span style=\"font-weight: 400;\">Queda prohibida la inclusi\u00f3n y comunicaci\u00f3n de contenidos, por parte de las personas usuarias, que sean falsos o inexactos y que induzcan o puedan inducir a error a GIZABIDEA, las personas usuarias del sitio web o terceros. Queda prohibido el uso de datos personales de terceros sin su consentimiento previo y expreso, as\u00ed como el uso de datos identificativos de terceros con el \u00e1nimo de suplantar su identidad. La persona usuaria ser\u00e1 la \u00fanica responsable de los perjuicios que cause.<\/span><\/p>\n<p><span style=\"font-weight: 400;\">El Responsable del Tratamiento realiza los m\u00e1ximos esfuerzos a su alcance para evitar errores en los contenidos y utilidades que se publican en el sitio web, reserv\u00e1ndose la facultad de poder modificarlos en cualquier momento. El Responsable del Tratamiento declina expresamente cualquier responsabilidad por error u omisi\u00f3n en los contenidos de este sitio web y de los da\u00f1os y perjuicios que puedan deberse a su falta de veracidad, exactitud o actualidad.<\/span><\/p>\n<p><span style=\"font-weight: 400;\">El sitio web puede ofrecer enlaces a otros sitios web. El Responsable del Tratamiento no asume ninguna responsabilidad en relaci\u00f3n con estos sitios enlazados, ya que no tiene control sobre ellos, su contenido, productos y servicios ofrecidos, etc. La finalidad de estos enlaces es informar de otras fuentes de informaci\u00f3n, por lo que la persona usuaria accede bajo su exclusiva responsabilidad al contenido y en las condiciones de uso que rijan en ellas. En el caso de enlaces a redes sociales, titularidad del Responsable del Tratamiento o de terceros, las mismas se regir\u00e1n por sus propias condiciones de uso.<\/span><\/p>\n<p><span style=\"font-weight: 400;\">GIZABIDEA no se responsabilizar\u00e1 de ninguna consecuencia, da\u00f1o o perjuicio que pudieran derivarse del uso de este sitio web o de sus contenidos y utilidades, incluidos da\u00f1os inform\u00e1ticos y la introducci\u00f3n de virus o cualquier tipo de software malicioso. El Responsable del Tratamiento no garantiza la ausencia de virus ni de otros elementos da\u00f1inos en el sitio web, introducidos por terceras personas, que puedan producir alteraciones en los sistemas f\u00edsicos o l\u00f3gicos de las personas usuarias, pero utiliza los medios a su alcance para que esto no suceda.<\/span><\/p>\n<p><span style=\"font-weight: 400;\">El Responsable del Tratamiento se reserva el derecho de modificar o borrar en cualquier momento, sin previo aviso y\/o justificaci\u00f3n expresa, el dise\u00f1o, la configuraci\u00f3n y la informaci\u00f3n contenida en este sitio web, si as\u00ed lo estima oportuno y seg\u00fan su criterio. El Responsable del Tratamiento no se hace responsable de los perjuicios que estas modificaciones puedan causar. No obstante, utilizar\u00e1 los recursos que tenga a su alcance para informar a las personas usuarias de dichas modificaciones.<\/span><\/p>\n<h2>3. Propiedad intelectual e industrial<\/h2>\n<p><span style=\"font-weight: 400;\">Los derechos de propiedad de este sitio web, de sus p\u00e1ginas, secciones, pantallas, la informaci\u00f3n y utilidades que contiene, su apariencia y dise\u00f1o, c\u00f3digo fuente, textos, fotograf\u00edas, im\u00e1genes, audios, v\u00eddeos, animaciones, sus productos y servicios, marcas, logotipos, lemas, etc. son propiedad del Responsable del Tratamiento, salvo que se especifique otra cosa.<\/span><\/p>\n<p><span style=\"font-weight: 400;\">En ning\u00fan caso el acceso o navegaci\u00f3n en el sitio web implica renuncia, transmisi\u00f3n o licencia total o parcial de GIZABIDEA para uso personal y\/o profesional a la persona usuaria sobre sus derechos de propiedad intelectual e industrial. Quedan prohibidas la reproducci\u00f3n, distribuci\u00f3n, comercializaci\u00f3n, comunicaci\u00f3n p\u00fablica, transformaci\u00f3n o cualquier otra actividad que se pueda realizar con los contenidos y utilidades de este sitio web, salvo autorizaci\u00f3n previa, expresa y por escrito por parte del Responsable del Tratamiento.\u00a0<\/span><\/p>\n<p><span style=\"font-weight: 400;\">La persona usuaria se compromete a no realizar ninguna acci\u00f3n que perjudique la titularidad del sitio web y sus contenidos. La utilizaci\u00f3n no autorizada de la informaci\u00f3n y utilidades contenidas en el sitio web, as\u00ed como los perjuicios ocasionados en los derechos de propiedad intelectual e industrial de GIZABIDEA o, en su caso, otros titulares, pueden dar lugar al ejercicio de las acciones que legalmente correspondan y, si procede, a las responsabilidades que de dicho ejercicio se deriven, incluyendo las de naturaleza econ\u00f3mica.<\/span><\/p>\n<h2>4.Vigencia y modificaciones<\/h2>\n<p><span style=\"font-weight: 400;\">GIZABIDEA se reserva el derecho de modificar estas Condiciones de acuerdo con su criterio, bien con la finalidad de adecuarse a los cambios legislativos, bien con el fin de llevar a cabo otro tipo de actualizaciones o mejoras. Estas modificaciones ser\u00e1n v\u00e1lidas desde su publicaci\u00f3n en el sitio web. La relaci\u00f3n con las personas usuarias se regir\u00e1 por las normas previstas en el momento en que se accede al sitio web. Es por ello que GIZABIDEA le recomienda revisar estas Condiciones cada vez que se conecte al sitio web.<\/span><\/p>\n<h2>5.Jurisdicci\u00f3n<\/h2>\n<p><span style=\"font-weight: 400;\">Las relaciones establecidas entre GIZABIDEA y la persona usuaria se regir\u00e1n por lo dispuesto en la normativa vigente acerca de la legislaci\u00f3n aplicable y la jurisdicci\u00f3n competente. No obstante, para los casos en los que la normativa prevea la posibilidad a las partes de someterse a un fuero, el Responsable del Tratamiento y la persona usuaria, con renuncia expresa a cualquier otro fuero que pudiera corresponderles, se someten a los Juzgados y Tribunales de Bergara (Gipuzkoa).<\/span><\/p>\n<p><span style=\"font-weight: 400;\">GIZABIDEA perseguir\u00e1 el incumplimiento de las anteriores condiciones, as\u00ed como cualquier utilizaci\u00f3n indebida de los contenidos presentados en su sitio web ejerciendo todas las acciones civiles y penales que le puedan corresponder en Derecho, incluyendo las de naturaleza econ\u00f3mica.<\/span><\/p>\n<\/div><\/div><\/div><\/div><\/div>\n","protected":false},"excerpt":{"rendered":"","protected":false},"author":1,"featured_media":0,"parent":0,"menu_order":0,"comment_status":"closed","ping_status":"closed","template":"","meta":[],"_links":{"self":[{"href":"https:\/\/debagoiena2030.eus\/es\/wp-json\/wp\/v2\/pages\/7331"}],"collection":[{"href":"https:\/\/debagoiena2030.eus\/es\/wp-json\/wp\/v2\/pages"}],"about":[{"href":"https:\/\/debagoiena2030.eus\/es\/wp-json\/wp\/v2\/types\/page"}],"author":[{"embeddable":true,"href":"https:\/\/debagoiena2030.eus\/es\/wp-json\/wp\/v2\/users\/1"}],"replies":[{"embeddable":true,"href":"https:\/\/debagoiena2030.eus\/es\/wp-json\/wp\/v2\/comments?post=7331"}],"version-history":[{"count":7,"href":"https:\/\/debagoiena2030.eus\/es\/wp-json\/wp\/v2\/pages\/7331\/revisions"}],"predecessor-version":[{"id":7399,"href":"https:\/\/debagoiena2030.eus\/es\/wp-json\/wp\/v2\/pages\/7331\/revisions\/7399"}],"wp:attachment":[{"href":"https:\/\/debagoiena2030.eus\/es\/wp-json\/wp\/v2\/media?parent=7331"}],"curies":[{"name":"wp","href":"https:\/\/api.w.org\/{rel}","templated":true}]}}