{"id":7357,"date":"2020-10-07T13:52:30","date_gmt":"2020-10-07T13:52:30","guid":{"rendered":"https:\/\/debagoiena2030.eus\/cookie-politika\/"},"modified":"2020-10-09T11:46:13","modified_gmt":"2020-10-09T11:46:13","slug":"politica-cookies","status":"publish","type":"page","link":"https:\/\/debagoiena2030.eus\/es\/politica-cookies\/","title":{"rendered":"Pol\u00edtica de cookies"},"content":{"rendered":"<div class=\"fusion-fullwidth fullwidth-box fusion-builder-row-1 fusion-flex-container nonhundred-percent-fullwidth non-hundred-percent-height-scrolling\" style=\"--awb-border-radius-top-left:0px;--awb-border-radius-top-right:0px;--awb-border-radius-bottom-right:0px;--awb-border-radius-bottom-left:0px;--awb-margin-top:25px;\" ><div class=\"fusion-builder-row fusion-row fusion-flex-align-items-flex-start\" style=\"max-width:1216.8px;margin-left: calc(-4% \/ 2 );margin-right: calc(-4% \/ 2 );\"><div class=\"fusion-layout-column fusion_builder_column fusion-builder-column-0 fusion_builder_column_1_1 1_1 fusion-flex-column\" style=\"--awb-bg-size:cover;--awb-width-large:100%;--awb-margin-top-large:0px;--awb-spacing-right-large:1.92%;--awb-margin-bottom-large:20px;--awb-spacing-left-large:1.92%;--awb-width-medium:100%;--awb-order-medium:0;--awb-spacing-right-medium:1.92%;--awb-spacing-left-medium:1.92%;--awb-width-small:100%;--awb-order-small:0;--awb-spacing-right-small:1.92%;--awb-spacing-left-small:1.92%;\"><div class=\"fusion-column-wrapper fusion-column-has-shadow fusion-flex-justify-content-flex-start fusion-content-layout-column\"><div class=\"fusion-text fusion-text-1\"><h2>POL\u00cdTICA DE COOKIES<\/h2>\n<\/div><div class=\"fusion-separator\" style=\"align-self: flex-start;margin-right:auto;margin-bottom:40px;width:100%;max-width:200px;\"><div class=\"fusion-separator-border sep-single sep-solid\" style=\"--awb-height:20px;--awb-amount:20px;--awb-sep-color:#e87979;border-color:#e87979;border-top-width:3px;\"><\/div><\/div><div class=\"fusion-text fusion-text-2\"><h2>\u00bfQu\u00e9 es una cookie?<\/h2>\n<p><span style=\"font-weight: 400;\">Una cookie es un archivo inform\u00e1tico que un servidor web puede procesar en el dispositivo (ordenador, tel\u00e9fono, tablet, etc.) con el que se conecta la persona usuaria, con el fin de reconocer sus caracter\u00edsticas o preferencias cuando se vuelva a conectar, o de facilitar el uso y la navegaci\u00f3n por el sitio web, aportando diversas ventajas en la prestaci\u00f3n de servicios interactivos. Las cookies se utilizan, entre otras finalidades, para gestionar la sesi\u00f3n de la persona usuaria (por ejemplo, reduciendo el n\u00famero de veces que tiene que incluir su contrase\u00f1a) o para adecuar los contenidos de un sitio web a sus preferencias (por ejemplo, idioma). Las cookies pueden ser de \u201csesi\u00f3n\u201d, por lo que se borrar\u00e1n una vez la persona usuaria abandone el sitio web que las gener\u00f3 o \u201cpersistentes\u201d, que permanecen en su dispositivo hasta una fecha determinada.\u00a0<\/span><\/p>\n<h2>\u00bfQu\u00e9 tipo de cookies utiliza este sitio web?<\/h2>\n<p><span style=\"font-weight: 400;\">Este sitio web utiliza diferentes tipos de cookies, con las finalidades que se detallan a continuaci\u00f3n:<\/span><\/p>\n<ul>\n<li><u>Cookies t\u00e9cnicas<\/u><span style=\"font-weight: 400;\">: permiten a la persona usuaria la navegaci\u00f3n a trav\u00e9s de este sitio web y la utilizaci\u00f3n de diferentes opciones que en \u00e9l pueden existir como, por ejemplo, identificar la sesi\u00f3n, gestionar los par\u00e1metros introducidos o compartir contenidos a trav\u00e9s de redes sociales.<\/span><\/li>\n<li><u>Cookies de an\u00e1lisis<\/u><span style=\"font-weight: 400;\">: permiten el seguimiento y an\u00e1lisis del comportamiento de las personas usuarias del sitio web. La informaci\u00f3n recogida mediante este tipo de cookies se utiliza en la medici\u00f3n de la actividad del sitio web, con el fin de introducir mejoras en funci\u00f3n del an\u00e1lisis de los datos de uso que hacen las personas usuarias (por ejemplo, Google Analytics).<\/span><\/li>\n<\/ul>\n<h2>Cookies t\u00e9cnicas y de personalizaci\u00f3n utilizadas en este sitio web<\/h2>\n<\/p>\n<div class=\"table-1\">\n<table width=\"100%\">\n<thead>\n<tr>\n<th align=\"left\"><strong>Cookie<\/strong><\/th>\n<th align=\"left\"><strong>Duraci\u00f3n<\/strong><\/th>\n<th align=\"left\"><strong>Tipo<\/strong><\/th>\n<th align=\"left\"><strong>Finalidad<\/strong><\/th>\n<\/tr>\n<\/thead>\n<tbody>\n<tr>\n<td align=\"left\">JSESSIONID<\/td>\n<td align=\"left\"><span style=\"font-weight: 400;\">De sesi\u00f3n<\/span><\/td>\n<td align=\"left\"><span style=\"font-weight: 400;\">Propia<\/span><\/td>\n<td align=\"left\"><span style=\"font-weight: 400;\">Diferenciar usuarios de la web, asignando un identificador \u00fanico aleatorio<\/span><\/td>\n<\/tr>\n<tr>\n<td align=\"left\">__ga<\/td>\n<td align=\"left\">2 <span style=\"font-weight: 400;\">a\u00f1os<\/span><\/td>\n<td rowspan=\"3\" align=\"left\"><span style=\"font-weight: 400;\">De Tercero <\/span>(Google<br \/>\nAnalytics)<\/td>\n<td rowspan=\"3\" align=\"left\"><span style=\"font-weight: 400;\">An\u00e1lisis estad\u00edstico del uso del sitio web (n\u00famero de visitas del usuario, primera y \u00faltima visita, origen del usuario, t\u00e9rminos de b\u00fasqueda, etc.)<\/span><\/td>\n<\/tr>\n<tr>\n<td align=\"left\">__gid<\/td>\n<td align=\"left\">24 <span style=\"font-weight: 400;\">horas<\/span><\/td>\n<\/tr>\n<tr>\n<td align=\"left\">__gat<\/td>\n<td align=\"left\"><span style=\"font-weight: 400;\">1-10 minutos<\/span><\/td>\n<\/tr>\n<tr>\n<td align=\"left\">wp-wpml_current_language<\/td>\n<td align=\"left\">24 ordu<\/td>\n<td align=\"left\">Propia<\/td>\n<td align=\"left\">Almacena el idioma actual para un correcto funcionamiento de algunas funcionalidades de la web.<\/td>\n<\/tr>\n<tr>\n<td align=\"left\">cookielawinfo-checkbox-necessary<\/td>\n<td rowspan=\"4\" align=\"left\">11 meses<\/td>\n<td rowspan=\"4\" align=\"left\">Utilizada por GDPR Cookie Consent plugin. M\u00e1s informaci\u00f3n: <a href=\"https:\/\/wordpress.org\/plugins\/cookie-law-info\/\" target=\"_blank\" rel=\"noopener noreferrer\">https:\/\/wordpress.org\/plugins\/cookie-law-info\/<\/a><\/td>\n<td align=\"left\">Utilizada para almacenar el consentimiento del usuario para las cookies en la categor\u00eda \u00abNecesaria\u00bb. Solo trabaja en consonancia con la cookie principal.<\/td>\n<\/tr>\n<tr>\n<td align=\"left\">cookielawinfo-checkbox-non-necessary<\/td>\n<td align=\"left\">Utilizada para almacenar el consentimiento del usuario para las cookies en la categor\u00eda \u00abNo necesaria\u00bb. Solo trabaja en consonancia con la cookie principal.<\/td>\n<\/tr>\n<tr>\n<td align=\"left\">viewed_cookie_policy<\/td>\n<td align=\"left\">Utilizada para almacenar para almacenar si el usuario ha consentido o no el uso de cookies, no almacena ning\u00fan dato personal. Es la cookie principal.<\/td>\n<\/tr>\n<tr>\n<td align=\"left\">CookieLawInfoConsent<\/td>\n<td align=\"left\">Utilizada para almacenar el estado por defecto de cada categor\u00eda y el estado de la CCPA.<\/td>\n<\/tr>\n<\/tbody>\n<\/table>\n<\/div>\n<p>\n<h2>\u00bfC\u00f3mo se pueden desactivar o eliminar las cookies?<\/h2>\n<p><span style=\"font-weight: 400;\">Adem\u00e1s de la aceptaci\u00f3n o rechazo al uso de cookies an\u00e1liticas en el sitio web, los navegadores web son herramientas adecuadas para gestionar las cookies. La persona usuaria, si lo desea, pueda desactivar y\/o eliminar las cookies, total o parcialmente, en cualquier momento. Para ello debe consultar las opciones de configuraci\u00f3n para el tratamiento de cookies que facilitan los diferentes navegadores.<\/span><\/p>\n<\/div><\/div><\/div><\/div><\/div>\n","protected":false},"excerpt":{"rendered":"","protected":false},"author":1,"featured_media":0,"parent":0,"menu_order":0,"comment_status":"closed","ping_status":"closed","template":"","meta":[],"_links":{"self":[{"href":"https:\/\/debagoiena2030.eus\/es\/wp-json\/wp\/v2\/pages\/7357"}],"collection":[{"href":"https:\/\/debagoiena2030.eus\/es\/wp-json\/wp\/v2\/pages"}],"about":[{"href":"https:\/\/debagoiena2030.eus\/es\/wp-json\/wp\/v2\/types\/page"}],"author":[{"embeddable":true,"href":"https:\/\/debagoiena2030.eus\/es\/wp-json\/wp\/v2\/users\/1"}],"replies":[{"embeddable":true,"href":"https:\/\/debagoiena2030.eus\/es\/wp-json\/wp\/v2\/comments?post=7357"}],"version-history":[{"count":6,"href":"https:\/\/debagoiena2030.eus\/es\/wp-json\/wp\/v2\/pages\/7357\/revisions"}],"predecessor-version":[{"id":7397,"href":"https:\/\/debagoiena2030.eus\/es\/wp-json\/wp\/v2\/pages\/7357\/revisions\/7397"}],"wp:attachment":[{"href":"https:\/\/debagoiena2030.eus\/es\/wp-json\/wp\/v2\/media?parent=7357"}],"curies":[{"name":"wp","href":"https:\/\/api.w.org\/{rel}","templated":true}]}}