{"id":8790,"date":"2022-06-09T15:38:24","date_gmt":"2022-06-09T15:38:24","guid":{"rendered":"https:\/\/debagoiena2030.eus\/?page_id=8790"},"modified":"2022-06-10T13:25:14","modified_gmt":"2022-06-10T13:25:14","slug":"intervencion","status":"publish","type":"page","link":"https:\/\/debagoiena2030.eus\/es\/intervencion\/","title":{"rendered":"Intervenci\u00f3n"},"content":{"rendered":"<p><div class=\"fusion-fullwidth fullwidth-box fusion-builder-row-1 fusion-flex-container nonhundred-percent-fullwidth non-hundred-percent-height-scrolling\" style=\"--awb-border-sizes-top:0px;--awb-border-sizes-bottom:0px;--awb-border-sizes-left:0px;--awb-border-sizes-right:0px;--awb-border-radius-top-left:0px;--awb-border-radius-top-right:0px;--awb-border-radius-bottom-right:0px;--awb-border-radius-bottom-left:0px;\" ><div class=\"fusion-builder-row fusion-row fusion-flex-align-items-stretch\" style=\"max-width:1216.8px;margin-left: calc(-4% \/ 2 );margin-right: calc(-4% \/ 2 );\"><div class=\"fusion-layout-column fusion_builder_column fusion-builder-column-0 fusion_builder_column_1_1 1_1 fusion-flex-column\" style=\"--awb-padding-top:100px;--awb-padding-bottom:20px;--awb-bg-size:cover;--awb-width-large:100%;--awb-margin-top-large:0px;--awb-spacing-right-large:1.92%;--awb-margin-bottom-large:20px;--awb-spacing-left-large:1.92%;--awb-width-medium:100%;--awb-order-medium:0;--awb-spacing-right-medium:1.92%;--awb-spacing-left-medium:1.92%;--awb-width-small:100%;--awb-order-small:0;--awb-spacing-right-small:1.92%;--awb-spacing-left-small:1.92%;\"><div class=\"fusion-column-wrapper fusion-column-has-shadow fusion-flex-justify-content-center fusion-content-layout-column\"><div class=\"fusion-text fusion-text-1\"><p>El objetivo de Debagoiena 2030 es transformar la comarca, y para ello es imprescindible pasar a la acci\u00f3n. El modelo metodol\u00f3gico de D2030 se basa en la l\u00f3gica de los retos sist\u00e9micos, por lo que es necesario que la intervenci\u00f3n tenga este car\u00e1cter.<\/p>\n<p>Se est\u00e1 experimentando la intervenci\u00f3n de Debagoiena para la transici\u00f3n desde un \u201cpunto de vista de portfolio\u201d, que actualmente se desarrolla a nivel internacional y especialmente entre muchos de los agentes que est\u00e1n promoviendo la transici\u00f3n socio-ecol\u00f3gica.<\/p>\n<p>A trav\u00e9s del enfoque de portfolio, se propone superar la l\u00f3gica de proyectos aislados que inciden en un reto, y pasar, como comarca o ecosistema, a promover sistemas de diversos proyectos y acciones: adem\u00e1s de ese valor que surgir\u00e1 del desarrollo de cada proyecto, el valor a\u00f1adido est\u00e1 en la interacci\u00f3n entre estos agentes y proyectos.<\/p>\n<\/div><\/div><\/div><\/div><\/div><div class=\"fusion-fullwidth fullwidth-box fusion-builder-row-2 fusion-flex-container portolio-boxes nonhundred-percent-fullwidth non-hundred-percent-height-scrolling\" style=\"--awb-border-radius-top-left:0px;--awb-border-radius-top-right:0px;--awb-border-radius-bottom-right:0px;--awb-border-radius-bottom-left:0px;\" ><div class=\"fusion-builder-row fusion-row fusion-flex-align-items-flex-start\" style=\"max-width:1216.8px;margin-left: calc(-4% \/ 2 );margin-right: calc(-4% \/ 2 );\"><div class=\"fusion-layout-column fusion_builder_column fusion-builder-column-1 fusion_builder_column_1_3 1_3 fusion-flex-column portfolio-box-zoomed fusion-column-inner-bg-wrapper fusion-column-liftup-border\" style=\"--awb-padding-top:1em;--awb-padding-right:1em;--awb-padding-bottom:1em;--awb-padding-left:1em;--awb-inner-bg-size:cover;--awb-width-large:33.333333333333%;--awb-margin-top-large:0px;--awb-spacing-right-large:5.76%;--awb-margin-bottom-large:20px;--awb-spacing-left-large:5.76%;--awb-width-medium:100%;--awb-order-medium:0;--awb-spacing-right-medium:1.92%;--awb-spacing-left-medium:1.92%;--awb-width-small:100%;--awb-order-small:0;--awb-spacing-right-small:1.92%;--awb-spacing-left-small:1.92%;\"><span class=\"fusion-column-inner-bg hover-type-liftup\"><a class=\"fusion-column-anchor\" href=\"\/es\/transicion-energetica\/\"><span class=\"fusion-column-inner-bg-image\"><\/span><\/a><\/span><div class=\"fusion-column-wrapper fusion-flex-justify-content-flex-start fusion-content-layout-column\"><div class=\"fusion-image-element \" style=\"--awb-margin-bottom:10px;--awb-caption-title-font-family:var(--h2_typography-font-family);--awb-caption-title-font-weight:var(--h2_typography-font-weight);--awb-caption-title-font-style:var(--h2_typography-font-style);--awb-caption-title-size:var(--h2_typography-font-size);--awb-caption-title-transform:var(--h2_typography-text-transform);--awb-caption-title-line-height:var(--h2_typography-line-height);--awb-caption-title-letter-spacing:var(--h2_typography-letter-spacing);\"><span class=\" fusion-imageframe imageframe-none imageframe-1 hover-type-none\" class=\"image-magnify\" class=\"image-scroll\"><img decoding=\"async\" width=\"1024\" height=\"576\" alt=\"Energia Trantsizioa\" title=\"Energia_Berde\" src=\"https:\/\/debagoiena2030.eus\/wp-content\/uploads\/2022\/06\/Energia_Berde-1024x576.jpg\" class=\"img-responsive wp-image-8731\" srcset=\"https:\/\/debagoiena2030.eus\/wp-content\/uploads\/2022\/06\/Energia_Berde-200x112.jpg 200w, https:\/\/debagoiena2030.eus\/wp-content\/uploads\/2022\/06\/Energia_Berde-400x225.jpg 400w, https:\/\/debagoiena2030.eus\/wp-content\/uploads\/2022\/06\/Energia_Berde-600x337.jpg 600w, https:\/\/debagoiena2030.eus\/wp-content\/uploads\/2022\/06\/Energia_Berde-800x450.jpg 800w, https:\/\/debagoiena2030.eus\/wp-content\/uploads\/2022\/06\/Energia_Berde-1200x675.jpg 1200w, https:\/\/debagoiena2030.eus\/wp-content\/uploads\/2022\/06\/Energia_Berde.jpg 1800w\" sizes=\"(max-width: 1024px) 100vw, (max-width: 640px) 100vw, 400px\" \/><\/span><\/div><div class=\"fusion-title title fusion-title-1 fusion-sep-none fusion-title-text fusion-title-size-two\" style=\"--awb-font-size:1.4em;\"><h2 class=\"title-heading-left\" style=\"margin:0;font-size:1em;\">Transici\u00f3n energ\u00e9tica<\/h2><\/div><\/div><\/div><div class=\"fusion-layout-column fusion_builder_column fusion-builder-column-2 fusion_builder_column_1_3 1_3 fusion-flex-column portfolio-box-hidden fusion-column-inner-bg-wrapper fusion-column-liftup-border\" style=\"--awb-padding-top:1em;--awb-padding-right:1em;--awb-padding-bottom:1em;--awb-padding-left:1em;--awb-inner-bg-size:cover;--awb-width-large:33.333333333333%;--awb-margin-top-large:0px;--awb-spacing-right-large:5.76%;--awb-margin-bottom-large:20px;--awb-spacing-left-large:5.76%;--awb-width-medium:100%;--awb-order-medium:0;--awb-spacing-right-medium:1.92%;--awb-spacing-left-medium:1.92%;--awb-width-small:100%;--awb-order-small:0;--awb-spacing-right-small:1.92%;--awb-spacing-left-small:1.92%;\"><span class=\"fusion-column-inner-bg hover-type-liftup\"><a class=\"fusion-column-anchor\" href=\"\/es\/lana-eta-inklusioa\/\"><span class=\"fusion-column-inner-bg-image\"><\/span><\/a><\/span><div class=\"fusion-column-wrapper fusion-flex-justify-content-flex-start fusion-content-layout-column\"><div class=\"fusion-image-element \" style=\"--awb-margin-bottom:10px;--awb-caption-title-font-family:var(--h2_typography-font-family);--awb-caption-title-font-weight:var(--h2_typography-font-weight);--awb-caption-title-font-style:var(--h2_typography-font-style);--awb-caption-title-size:var(--h2_typography-font-size);--awb-caption-title-transform:var(--h2_typography-text-transform);--awb-caption-title-line-height:var(--h2_typography-line-height);--awb-caption-title-letter-spacing:var(--h2_typography-letter-spacing);\"><span class=\" fusion-imageframe imageframe-none imageframe-2 hover-type-none\" class=\"image-magnify\" class=\"image-scroll\"><img decoding=\"async\" src=\"http:\/\/sandbox.onenprodev.com\/d2030\/wp-content\/uploads\/2022\/06\/lana_eta_inklusioa.jpg\" alt class=\"img-responsive\"\/><\/span><\/div><div class=\"fusion-title title fusion-title-2 fusion-sep-none fusion-title-text fusion-title-size-two\" style=\"--awb-font-size:1.4em;\"><h2 class=\"title-heading-left\" style=\"margin:0;font-size:1em;\">Lana eta inklusioa<\/h2><\/div><\/div><\/div><div class=\"fusion-layout-column fusion_builder_column fusion-builder-column-3 fusion_builder_column_1_3 1_3 fusion-flex-column fusion-column-inner-bg-wrapper fusion-column-liftup-border\" style=\"--awb-padding-top:1em;--awb-padding-right:1em;--awb-padding-bottom:1em;--awb-padding-left:1em;--awb-inner-bg-size:cover;--awb-width-large:33.333333333333%;--awb-margin-top-large:0px;--awb-spacing-right-large:5.76%;--awb-margin-bottom-large:20px;--awb-spacing-left-large:5.76%;--awb-width-medium:100%;--awb-order-medium:0;--awb-spacing-right-medium:1.92%;--awb-spacing-left-medium:1.92%;--awb-width-small:100%;--awb-order-small:0;--awb-spacing-right-small:1.92%;--awb-spacing-left-small:1.92%;\"><span class=\"fusion-column-inner-bg hover-type-liftup\"><a class=\"fusion-column-anchor\" href=\"\/es\/otros-proyectos-clave\/\"><span class=\"fusion-column-inner-bg-image\"><\/span><\/a><\/span><div class=\"fusion-column-wrapper fusion-flex-justify-content-flex-start fusion-content-layout-column\"><div class=\"fusion-image-element \" style=\"--awb-margin-bottom:10px;--awb-caption-title-font-family:var(--h2_typography-font-family);--awb-caption-title-font-weight:var(--h2_typography-font-weight);--awb-caption-title-font-style:var(--h2_typography-font-style);--awb-caption-title-size:var(--h2_typography-font-size);--awb-caption-title-transform:var(--h2_typography-text-transform);--awb-caption-title-line-height:var(--h2_typography-line-height);--awb-caption-title-letter-spacing:var(--h2_typography-letter-spacing);\"><span class=\" fusion-imageframe imageframe-none imageframe-3 hover-type-none\" class=\"image-magnify\" class=\"image-scroll\"><img decoding=\"async\" width=\"400\" height=\"225\" alt=\"Bestelako proiektu gakoak\" title=\"bestelako_proiektu_gakoak\" src=\"https:\/\/debagoiena2030.eus\/wp-content\/uploads\/2022\/06\/bestelako_proiektu_gakoak.jpg\" class=\"img-responsive wp-image-8729\" srcset=\"https:\/\/debagoiena2030.eus\/wp-content\/uploads\/2022\/06\/bestelako_proiektu_gakoak-200x113.jpg 200w, https:\/\/debagoiena2030.eus\/wp-content\/uploads\/2022\/06\/bestelako_proiektu_gakoak.jpg 400w\" sizes=\"(max-width: 1024px) 100vw, (max-width: 640px) 100vw, 400px\" \/><\/span><\/div><div class=\"fusion-title title fusion-title-3 fusion-sep-none fusion-title-text fusion-title-size-two\" style=\"--awb-font-size:1.4em;\"><h2 class=\"title-heading-left\" style=\"margin:0;font-size:1em;\">Otros proyectos clave<\/h2><\/div><\/div><\/div><\/div><\/div><\/p>\n","protected":false},"excerpt":{"rendered":"","protected":false},"author":1,"featured_media":0,"parent":0,"menu_order":0,"comment_status":"closed","ping_status":"closed","template":"","meta":[],"_links":{"self":[{"href":"https:\/\/debagoiena2030.eus\/es\/wp-json\/wp\/v2\/pages\/8790"}],"collection":[{"href":"https:\/\/debagoiena2030.eus\/es\/wp-json\/wp\/v2\/pages"}],"about":[{"href":"https:\/\/debagoiena2030.eus\/es\/wp-json\/wp\/v2\/types\/page"}],"author":[{"embeddable":true,"href":"https:\/\/debagoiena2030.eus\/es\/wp-json\/wp\/v2\/users\/1"}],"replies":[{"embeddable":true,"href":"https:\/\/debagoiena2030.eus\/es\/wp-json\/wp\/v2\/comments?post=8790"}],"version-history":[{"count":6,"href":"https:\/\/debagoiena2030.eus\/es\/wp-json\/wp\/v2\/pages\/8790\/revisions"}],"predecessor-version":[{"id":8840,"href":"https:\/\/debagoiena2030.eus\/es\/wp-json\/wp\/v2\/pages\/8790\/revisions\/8840"}],"wp:attachment":[{"href":"https:\/\/debagoiena2030.eus\/es\/wp-json\/wp\/v2\/media?parent=8790"}],"curies":[{"name":"wp","href":"https:\/\/api.w.org\/{rel}","templated":true}]}}